{"id":5209,"date":"2023-10-30T11:15:41","date_gmt":"2023-10-30T14:15:41","guid":{"rendered":"http:\/\/lavrinhas.sp.gov.br\/site\/?page_id=5209"},"modified":"2023-10-30T11:15:41","modified_gmt":"2023-10-30T14:15:41","slug":"vacinacao","status":"publish","type":"page","link":"https:\/\/lavrinhas.sp.gov.br\/site\/index.php\/vacinacao\/","title":{"rendered":"Vacina\u00e7\u00e3o"},"content":{"rendered":"\n<p>Confira os dados e informa\u00e7\u00f5es relacionados \u00e0 imuniza\u00e7\u00e3o contra a Covid-19.<\/p>\n\n\n\n<div class=\"wp-block-buttons is-layout-flex wp-block-buttons-is-layout-flex\">\n<div class=\"wp-block-button is-style-outline\"><a class=\"wp-block-button__link has-black-color has-white-background-color has-text-color has-background\" href=\"http:\/\/lavrinhas.sp.gov.br\/site\/index.php\/2021\/01\/28\/boletim-de-vacinacao-covid-19\/\" style=\"border-radius:11px\" target=\"_blank\" rel=\"noreferrer noopener\"><strong>Boletim de vacina\u00e7\u00e3o<\/strong><\/a><\/div>\n\n\n\n<div class=\"wp-block-button is-style-outline\"><a class=\"wp-block-button__link has-black-color has-text-color\" href=\"http:\/\/lavrinhas.sp.gov.br\/site\/index.php\/2021\/01\/29\/informacoes-sobre-a-vacina-contra-covid-19-utilizada-em-lavrinhas\/\" style=\"border-radius:11px\"><strong>Sobre a vacina<\/strong><\/a><\/div>\n\n\n\n<div class=\"wp-block-button is-style-outline\"><a class=\"wp-block-button__link has-black-color has-white-background-color has-text-color has-background\" href=\"http:\/\/lavrinhas.sp.gov.br\/site\/index.php\/2021\/02\/01\/vacina-sem-fake-news\/\" style=\"border-radius:11px\" target=\"_blank\" rel=\"noreferrer noopener\"><strong>Vacina sem Fake News<\/strong><\/a><\/div>\n\n\n\n<div class=\"wp-block-button is-style-outline\"><a class=\"wp-block-button__link has-black-color has-text-color\" href=\"http:\/\/lavrinhas.sp.gov.br\/site\/index.php\/category\/noticias\/vacinacao-covid-19\/\" style=\"border-radius:11px\" target=\"_blank\" rel=\"noreferrer noopener\"><strong>Not\u00edcias<\/strong><\/a><\/div>\n<\/div>\n\n\n\n<div class=\"wp-block-buttons is-layout-flex wp-block-buttons-is-layout-flex\">\n<div class=\"wp-block-button is-style-outline\"><a class=\"wp-block-button__link\" href=\"http:\/\/lavrinhas.sp.gov.br\/site\/index.php\/2023\/03\/24\/informacoes-sobre-a-vacinacao-contra-a-covid-19\/\" style=\"border-radius:9px\" target=\"_blank\" rel=\"noreferrer noopener\"><strong>Informa\u00e7\u00f5es sobre a Vacina\u00e7\u00e3o<\/strong><\/a><\/div>\n<\/div>\n\n\n\n<p><\/p>\n","protected":false},"excerpt":{"rendered":"<p>Confira os dados e informa\u00e7\u00f5es relacionados \u00e0 imuniza\u00e7\u00e3o contra a Covid-19.<\/p>\n","protected":false},"author":3,"featured_media":0,"parent":0,"menu_order":0,"comment_status":"closed","ping_status":"closed","template":"","meta":{"spay_email":"","footnotes":"","_links_to":"","_links_to_target":""},"_links":{"self":[{"href":"https:\/\/lavrinhas.sp.gov.br\/site\/index.php\/wp-json\/wp\/v2\/pages\/5209"}],"collection":[{"href":"https:\/\/lavrinhas.sp.gov.br\/site\/index.php\/wp-json\/wp\/v2\/pages"}],"about":[{"href":"https:\/\/lavrinhas.sp.gov.br\/site\/index.php\/wp-json\/wp\/v2\/types\/page"}],"author":[{"embeddable":true,"href":"https:\/\/lavrinhas.sp.gov.br\/site\/index.php\/wp-json\/wp\/v2\/users\/3"}],"replies":[{"embeddable":true,"href":"https:\/\/lavrinhas.sp.gov.br\/site\/index.php\/wp-json\/wp\/v2\/comments?post=5209"}],"version-history":[{"count":18,"href":"https:\/\/lavrinhas.sp.gov.br\/site\/index.php\/wp-json\/wp\/v2\/pages\/5209\/revisions"}],"predecessor-version":[{"id":9675,"href":"https:\/\/lavrinhas.sp.gov.br\/site\/index.php\/wp-json\/wp\/v2\/pages\/5209\/revisions\/9675"}],"wp:attachment":[{"href":"https:\/\/lavrinhas.sp.gov.br\/site\/index.php\/wp-json\/wp\/v2\/media?parent=5209"}],"curies":[{"name":"wp","href":"https:\/\/api.w.org\/{rel}","templated":true}]}}