{"id":4486,"date":"2023-10-30T11:15:40","date_gmt":"2023-10-30T14:15:40","guid":{"rendered":"http:\/\/lavrinhas.sp.gov.br\/site\/?page_id=4486"},"modified":"2023-10-30T11:15:40","modified_gmt":"2023-10-30T14:15:40","slug":"licitacoes-covid-19","status":"publish","type":"page","link":"https:\/\/lavrinhas.sp.gov.br\/site\/index.php\/licitacoes-covid-19\/","title":{"rendered":"Licita\u00e7\u00f5es Covid-19"},"content":{"rendered":"\n<div class=\"wp-block-buttons is-layout-flex wp-block-buttons-is-layout-flex\">\n<div class=\"wp-block-button is-style-outline\"><a class=\"wp-block-button__link has-black-color has-white-background-color has-text-color has-background\" href=\"https:\/\/e-gov.betha.com.br\/transparencia\/01037-043\/con_licitacoescovid.faces?mun=9s1KZg88ugTeSdHvGUT-nAnOp1kB9Aki\" target=\"_blank\" rel=\"noreferrer noopener\"><strong>ACESSO AO SISTEMA DE LICITA\u00c7\u00d5ES<\/strong><\/a><\/div>\n<\/div>\n\n\n\n<p>Abaixo voc\u00ea confere os arquivos relacionados as dispensas de licita\u00e7\u00f5es.<\/p>\n\n\n\n<div class=\"wp-block-file\"><a href=\"http:\/\/lavrinhas.sp.gov.br\/site\/wp-content\/uploads\/2020\/09\/DISPENSA-010.pdf\">DISPENSA-010<\/a><a href=\"http:\/\/lavrinhas.sp.gov.br\/site\/wp-content\/uploads\/2020\/09\/DISPENSA-010.pdf\" class=\"wp-block-file__button\" download>Baixar<\/a><\/div>\n\n\n\n<div class=\"wp-block-file\"><a href=\"http:\/\/lavrinhas.sp.gov.br\/site\/wp-content\/uploads\/2020\/09\/DISPENSA-011.pdf\">DISPENSA-011<\/a><a href=\"http:\/\/lavrinhas.sp.gov.br\/site\/wp-content\/uploads\/2020\/09\/DISPENSA-011.pdf\" class=\"wp-block-file__button\" download>Baixar<\/a><\/div>\n\n\n\n<div class=\"wp-block-file\"><a href=\"http:\/\/lavrinhas.sp.gov.br\/site\/wp-content\/uploads\/2020\/09\/DISPENSA-014.pdf\">DISPENSA-014<\/a><a href=\"http:\/\/lavrinhas.sp.gov.br\/site\/wp-content\/uploads\/2020\/09\/DISPENSA-014.pdf\" class=\"wp-block-file__button\" download>Baixar<\/a><\/div>\n\n\n\n<div class=\"wp-block-file\"><a href=\"http:\/\/lavrinhas.sp.gov.br\/site\/wp-content\/uploads\/2020\/09\/DISPENSA-015.pdf\">DISPENSA-015<\/a><a href=\"http:\/\/lavrinhas.sp.gov.br\/site\/wp-content\/uploads\/2020\/09\/DISPENSA-015.pdf\" class=\"wp-block-file__button\" download>Baixar<\/a><\/div>\n\n\n\n<div class=\"wp-block-file\"><a href=\"http:\/\/lavrinhas.sp.gov.br\/site\/wp-content\/uploads\/2020\/09\/DISPENSA-019.pdf\">DISPENSA-019<\/a><a href=\"http:\/\/lavrinhas.sp.gov.br\/site\/wp-content\/uploads\/2020\/09\/DISPENSA-019.pdf\" class=\"wp-block-file__button\" download>Baixar<\/a><\/div>\n\n\n\n<div class=\"wp-block-file\"><a href=\"http:\/\/lavrinhas.sp.gov.br\/site\/wp-content\/uploads\/2020\/09\/DISPENSA-020.pdf\">DISPENSA-020<\/a><a href=\"http:\/\/lavrinhas.sp.gov.br\/site\/wp-content\/uploads\/2020\/09\/DISPENSA-020.pdf\" class=\"wp-block-file__button\" download>Baixar<\/a><\/div>\n\n\n\n<div class=\"wp-block-file\"><a href=\"http:\/\/lavrinhas.sp.gov.br\/site\/wp-content\/uploads\/2020\/09\/DISPENSA-022.pdf\">DISPENSA-022<\/a><a href=\"http:\/\/lavrinhas.sp.gov.br\/site\/wp-content\/uploads\/2020\/09\/DISPENSA-022.pdf\" class=\"wp-block-file__button\" download>Baixar<\/a><\/div>\n\n\n\n<div class=\"wp-block-file\"><a href=\"http:\/\/lavrinhas.sp.gov.br\/site\/wp-content\/uploads\/2020\/09\/DISPENSA-025.pdf\">DISPENSA-025<\/a><a href=\"http:\/\/lavrinhas.sp.gov.br\/site\/wp-content\/uploads\/2020\/09\/DISPENSA-025.pdf\" class=\"wp-block-file__button\" download>Baixar<\/a><\/div>\n","protected":false},"excerpt":{"rendered":"<p>Abaixo voc\u00ea confere os arquivos relacionados as dispensas de licita\u00e7\u00f5es.<\/p>\n","protected":false},"author":3,"featured_media":0,"parent":0,"menu_order":0,"comment_status":"closed","ping_status":"closed","template":"","meta":{"spay_email":"","footnotes":"","_links_to":"","_links_to_target":""},"_links":{"self":[{"href":"https:\/\/lavrinhas.sp.gov.br\/site\/index.php\/wp-json\/wp\/v2\/pages\/4486"}],"collection":[{"href":"https:\/\/lavrinhas.sp.gov.br\/site\/index.php\/wp-json\/wp\/v2\/pages"}],"about":[{"href":"https:\/\/lavrinhas.sp.gov.br\/site\/index.php\/wp-json\/wp\/v2\/types\/page"}],"author":[{"embeddable":true,"href":"https:\/\/lavrinhas.sp.gov.br\/site\/index.php\/wp-json\/wp\/v2\/users\/3"}],"replies":[{"embeddable":true,"href":"https:\/\/lavrinhas.sp.gov.br\/site\/index.php\/wp-json\/wp\/v2\/comments?post=4486"}],"version-history":[{"count":2,"href":"https:\/\/lavrinhas.sp.gov.br\/site\/index.php\/wp-json\/wp\/v2\/pages\/4486\/revisions"}],"predecessor-version":[{"id":4657,"href":"https:\/\/lavrinhas.sp.gov.br\/site\/index.php\/wp-json\/wp\/v2\/pages\/4486\/revisions\/4657"}],"wp:attachment":[{"href":"https:\/\/lavrinhas.sp.gov.br\/site\/index.php\/wp-json\/wp\/v2\/media?parent=4486"}],"curies":[{"name":"wp","href":"https:\/\/api.w.org\/{rel}","templated":true}]}}