{"id":3938,"date":"2023-10-30T11:15:40","date_gmt":"2023-10-30T14:15:40","guid":{"rendered":"http:\/\/lavrinhas.sp.gov.br\/site\/?page_id=3938"},"modified":"2023-10-30T11:15:40","modified_gmt":"2023-10-30T14:15:40","slug":"doacoes-covid-19","status":"publish","type":"page","link":"https:\/\/lavrinhas.sp.gov.br\/site\/index.php\/doacoes-covid-19\/","title":{"rendered":"DOA\u00c7\u00d5ES COVID-19"},"content":{"rendered":"\n<div class=\"wp-block-file\"><a href=\"http:\/\/lavrinhas.sp.gov.br\/site\/wp-content\/uploads\/2020\/05\/DOA\u00c7\u00c3O-GR-INDUSTRIA-COM\u00c9RCIO-E-TRANSPORTE-DE-PRODUTOS-QUIMICOS-LTDA.pdf\">DOA\u00c7\u00c3O-GR-INDUSTRIA-COM\u00c9RCIO-E-TRANSPORTE-DE-PRODUTOS-QUIMICOS-LTDA<\/a><a href=\"http:\/\/lavrinhas.sp.gov.br\/site\/wp-content\/uploads\/2020\/05\/DOA\u00c7\u00c3O-GR-INDUSTRIA-COM\u00c9RCIO-E-TRANSPORTE-DE-PRODUTOS-QUIMICOS-LTDA.pdf\" class=\"wp-block-file__button\" download>Baixar<\/a><\/div>\n\n\n\n<div class=\"wp-block-file\"><a href=\"http:\/\/lavrinhas.sp.gov.br\/site\/wp-content\/uploads\/2020\/05\/DOA\u00c7\u00c3O-SUALL-INDUSTRIA-E-COMERCIO-LTDA.pdf\">DOA\u00c7\u00c3O-SUALL-INDUSTRIA-E-COMERCIO-LTDA<\/a><a href=\"http:\/\/lavrinhas.sp.gov.br\/site\/wp-content\/uploads\/2020\/05\/DOA\u00c7\u00c3O-SUALL-INDUSTRIA-E-COMERCIO-LTDA.pdf\" class=\"wp-block-file__button\" download>Baixar<\/a><\/div>\n\n\n\n<div class=\"wp-block-file\"><a href=\"http:\/\/lavrinhas.sp.gov.br\/site\/wp-content\/uploads\/2020\/05\/DOA\u00c7\u00c3O-CODIVAP.pdf\">DOA\u00c7\u00c3O-CODIVAP<\/a><a href=\"http:\/\/lavrinhas.sp.gov.br\/site\/wp-content\/uploads\/2020\/05\/DOA\u00c7\u00c3O-CODIVAP.pdf\" class=\"wp-block-file__button\" download>Baixar<\/a><\/div>\n\n\n\n<div class=\"wp-block-file\"><a href=\"http:\/\/lavrinhas.sp.gov.br\/site\/wp-content\/uploads\/2020\/07\/DOA\u00c7\u00c3O-CODIVAP-02.pdf\">DOA\u00c7\u00c3O-CODIVAP-02<\/a><a href=\"http:\/\/lavrinhas.sp.gov.br\/site\/wp-content\/uploads\/2020\/07\/DOA\u00c7\u00c3O-CODIVAP-02.pdf\" class=\"wp-block-file__button\" download>Baixar<\/a><\/div>\n\n\n\n<div class=\"wp-block-file\"><a href=\"http:\/\/lavrinhas.sp.gov.br\/site\/wp-content\/uploads\/2020\/07\/DOA\u00c7\u00c3O-REGIONAL-TAUBAT\u00c9-CIRCUITO-DA-F\u00c9-VALE-HIST\u00d3RICO.pdf\">DOA\u00c7\u00c3O-REGIONAL-TAUBAT\u00c9-CIRCUITO-DA-F\u00c9-VALE-HIST\u00d3RICO<\/a><a href=\"http:\/\/lavrinhas.sp.gov.br\/site\/wp-content\/uploads\/2020\/07\/DOA\u00c7\u00c3O-REGIONAL-TAUBAT\u00c9-CIRCUITO-DA-F\u00c9-VALE-HIST\u00d3RICO.pdf\" class=\"wp-block-file__button\" download>Baixar<\/a><\/div>\n\n\n\n<p><\/p>\n","protected":false},"excerpt":{"rendered":"","protected":false},"author":3,"featured_media":0,"parent":0,"menu_order":0,"comment_status":"closed","ping_status":"closed","template":"","meta":{"spay_email":"","footnotes":"","_links_to":"","_links_to_target":""},"_links":{"self":[{"href":"https:\/\/lavrinhas.sp.gov.br\/site\/index.php\/wp-json\/wp\/v2\/pages\/3938"}],"collection":[{"href":"https:\/\/lavrinhas.sp.gov.br\/site\/index.php\/wp-json\/wp\/v2\/pages"}],"about":[{"href":"https:\/\/lavrinhas.sp.gov.br\/site\/index.php\/wp-json\/wp\/v2\/types\/page"}],"author":[{"embeddable":true,"href":"https:\/\/lavrinhas.sp.gov.br\/site\/index.php\/wp-json\/wp\/v2\/users\/3"}],"replies":[{"embeddable":true,"href":"https:\/\/lavrinhas.sp.gov.br\/site\/index.php\/wp-json\/wp\/v2\/comments?post=3938"}],"version-history":[{"count":3,"href":"https:\/\/lavrinhas.sp.gov.br\/site\/index.php\/wp-json\/wp\/v2\/pages\/3938\/revisions"}],"predecessor-version":[{"id":4072,"href":"https:\/\/lavrinhas.sp.gov.br\/site\/index.php\/wp-json\/wp\/v2\/pages\/3938\/revisions\/4072"}],"wp:attachment":[{"href":"https:\/\/lavrinhas.sp.gov.br\/site\/index.php\/wp-json\/wp\/v2\/media?parent=3938"}],"curies":[{"name":"wp","href":"https:\/\/api.w.org\/{rel}","templated":true}]}}