{"id":3868,"date":"2023-10-30T11:15:40","date_gmt":"2023-10-30T14:15:40","guid":{"rendered":"http:\/\/lavrinhas.sp.gov.br\/site\/?page_id=3868"},"modified":"2023-10-30T11:15:40","modified_gmt":"2023-10-30T14:15:40","slug":"despesas-covid-19","status":"publish","type":"page","link":"https:\/\/lavrinhas.sp.gov.br\/site\/index.php\/despesas-covid-19\/","title":{"rendered":"Receitas e Despesas (Covid-19)"},"content":{"rendered":"\n<p><strong>ABRIL<\/strong><br>Pagamento de despesas para enfrentamento da pandemia COVID-19.<\/p>\n\n\n\n<div class=\"wp-block-buttons is-layout-flex wp-block-buttons-is-layout-flex\">\n<div class=\"wp-block-button is-style-outline\"><a class=\"wp-block-button__link has-very-light-gray-color has-vivid-red-background-color has-text-color has-background\" href=\"https:\/\/e-gov.betha.com.br\/transparencia\/01037-043\/con_despesasempenhadascovid.faces?mun=9s1KZg88ugTeSdHvGUT-nAnOp1kB9Aki\" style=\"border-radius:11px\" target=\"_blank\" rel=\"noreferrer noopener\"><strong>DESPESAS COVID-19<\/strong><\/a><\/div>\n\n\n\n<div class=\"wp-block-button is-style-outline\"><a class=\"wp-block-button__link has-very-light-gray-color has-vivid-red-background-color has-text-color has-background\" href=\"https:\/\/e-gov.betha.com.br\/transparencia\/01037-043\/con_receitascovid.faces?mun=9s1KZg88ugTeSdHvGUT-nAnOp1kB9Aki\" style=\"border-radius:11px\" target=\"_blank\" rel=\"noreferrer noopener\"><strong>RECEITAS COVID-19<\/strong><\/a><\/div>\n<\/div>\n\n\n\n<div class=\"wp-block-file\"><a href=\"http:\/\/lavrinhas.sp.gov.br\/site\/wp-content\/uploads\/2020\/05\/DESPESAS-COVID-19-ABRIL-2020.pdf\">DESPESAS COVID-19 &#8211; 28-ABRIL-2020<\/a><a href=\"http:\/\/lavrinhas.sp.gov.br\/site\/wp-content\/uploads\/2020\/05\/DESPESAS-COVID-19-ABRIL-2020.pdf\" class=\"wp-block-file__button\" download>Baixar<\/a><\/div>\n\n\n\n<p><br>Cada p\u00e1gina representa um m\u00eas, clique nos n\u00fameros abaixo para avan\u00e7ar &gt;&gt;&gt;&gt;<\/p>\n\n\n\n<!--nextpage-->\n\n\n\n<p><strong>MAIO<\/strong><br>Pagamento de despesas para enfrentamento da pandemia COVID-19.<\/p>\n\n\n\n<div class=\"wp-block-buttons is-layout-flex wp-block-buttons-is-layout-flex\">\n<div class=\"wp-block-button is-style-outline\"><a class=\"wp-block-button__link has-very-light-gray-color has-vivid-red-background-color has-text-color has-background\" href=\"https:\/\/e-gov.betha.com.br\/transparencia\/01037-043\/con_despesasempenhadascovid.faces?mun=9s1KZg88ugTeSdHvGUT-nAnOp1kB9Aki\" style=\"border-radius:11px\" target=\"_blank\" rel=\"noreferrer noopener\"><strong>DESPESAS COVID-19<\/strong><\/a><\/div>\n\n\n\n<div class=\"wp-block-button is-style-outline\"><a class=\"wp-block-button__link has-very-light-gray-color has-vivid-red-background-color has-text-color has-background\" href=\"https:\/\/e-gov.betha.com.br\/transparencia\/01037-043\/con_receitascovid.faces?mun=9s1KZg88ugTeSdHvGUT-nAnOp1kB9Aki\" style=\"border-radius:11px\" target=\"_blank\" rel=\"noreferrer noopener\"><strong>RECEITAS COVID-19<\/strong><\/a><\/div>\n<\/div>\n\n\n\n<div class=\"wp-block-file\"><a href=\"http:\/\/lavrinhas.sp.gov.br\/site\/wp-content\/uploads\/2020\/05\/DESPESAS-COVID-19-MAIO-2020.pdf\">DESPESAS COVID-19 &#8211; 11-MAIO-2020<\/a><a href=\"http:\/\/lavrinhas.sp.gov.br\/site\/wp-content\/uploads\/2020\/05\/DESPESAS-COVID-19-MAIO-2020.pdf\" class=\"wp-block-file__button\" download>Baixar<\/a><\/div>\n\n\n\n<p>Cada p\u00e1gina representa um m\u00eas, clique nos n\u00fameros abaixo para avan\u00e7ar &gt;&gt;&gt;&gt;<\/p>\n\n\n\n<!--nextpage-->\n\n\n\n<p><strong>JUNHO<\/strong><br>Pagamento de despesas para enfrentamento da pandemia COVID-19.<\/p>\n\n\n\n<div class=\"wp-block-buttons is-layout-flex wp-block-buttons-is-layout-flex\">\n<div class=\"wp-block-button is-style-outline\"><a class=\"wp-block-button__link has-very-light-gray-color has-vivid-red-background-color has-text-color has-background\" href=\"https:\/\/e-gov.betha.com.br\/transparencia\/01037-043\/con_despesasempenhadascovid.faces?mun=9s1KZg88ugTeSdHvGUT-nAnOp1kB9Aki\" style=\"border-radius:11px\" target=\"_blank\" rel=\"noreferrer noopener\"><strong>DESPESAS COVID-19<\/strong><\/a><\/div>\n\n\n\n<div class=\"wp-block-button is-style-outline\"><a class=\"wp-block-button__link has-very-light-gray-color has-vivid-red-background-color has-text-color has-background\" href=\"https:\/\/e-gov.betha.com.br\/transparencia\/01037-043\/con_receitascovid.faces?mun=9s1KZg88ugTeSdHvGUT-nAnOp1kB9Aki\" style=\"border-radius:11px\" target=\"_blank\" rel=\"noreferrer noopener\"><strong>RECEITAS COVID-19<\/strong><\/a><\/div>\n<\/div>\n\n\n\n<div class=\"wp-block-file\"><a href=\"http:\/\/lavrinhas.sp.gov.br\/site\/wp-content\/uploads\/2020\/06\/DESPESAS-COVID-19-JUNHO-2020.pdf\">DESPESAS COVID-19-22-JUNHO-2020<\/a><a href=\"http:\/\/lavrinhas.sp.gov.br\/site\/wp-content\/uploads\/2020\/06\/DESPESAS-COVID-19-JUNHO-2020.pdf\" class=\"wp-block-file__button\" download>Baixar<\/a><\/div>\n\n\n\n<div class=\"wp-block-file\"><a href=\"http:\/\/lavrinhas.sp.gov.br\/site\/wp-content\/uploads\/2020\/07\/DESPESAS-COVID-19-18-JUNHO-2020.pdf\">DESPESAS-COVID-19-18-JUNHO-2020<\/a><a href=\"http:\/\/lavrinhas.sp.gov.br\/site\/wp-content\/uploads\/2020\/07\/DESPESAS-COVID-19-18-JUNHO-2020.pdf\" class=\"wp-block-file__button\" download>Baixar<\/a><\/div>\n\n\n\n<div class=\"wp-block-file\"><a href=\"http:\/\/lavrinhas.sp.gov.br\/site\/wp-content\/uploads\/2020\/07\/DESPESAS-COVID-19-17-JUNHO-2020.pdf\">DESPESAS-COVID-19-17-JUNHO-2020<\/a><a href=\"http:\/\/lavrinhas.sp.gov.br\/site\/wp-content\/uploads\/2020\/07\/DESPESAS-COVID-19-17-JUNHO-2020.pdf\" class=\"wp-block-file__button\" download>Baixar<\/a><\/div>\n\n\n\n<p>Cada p\u00e1gina representa um m\u00eas, clique nos n\u00fameros abaixo para avan\u00e7ar &gt;&gt;&gt;&gt;<\/p>\n\n\n\n<!--nextpage-->\n\n\n\n<p><strong>JULHO<\/strong><br>Pagamento de despesas para enfrentamento da pandemia COVID-19.<\/p>\n\n\n\n<div class=\"wp-block-buttons is-layout-flex wp-block-buttons-is-layout-flex\">\n<div class=\"wp-block-button is-style-outline\"><a class=\"wp-block-button__link has-very-light-gray-color has-vivid-red-background-color has-text-color has-background\" href=\"https:\/\/e-gov.betha.com.br\/transparencia\/01037-043\/con_despesasempenhadascovid.faces?mun=9s1KZg88ugTeSdHvGUT-nAnOp1kB9Aki\" style=\"border-radius:11px\" target=\"_blank\" rel=\"noreferrer noopener\"><strong>DESPESAS COVID-19<\/strong><\/a><\/div>\n\n\n\n<div class=\"wp-block-button is-style-outline\"><a class=\"wp-block-button__link has-very-light-gray-color has-vivid-red-background-color has-text-color has-background\" href=\"https:\/\/e-gov.betha.com.br\/transparencia\/01037-043\/con_receitascovid.faces?mun=9s1KZg88ugTeSdHvGUT-nAnOp1kB9Aki\" style=\"border-radius:11px\" target=\"_blank\" rel=\"noreferrer noopener\"><strong>RECEITAS COVID-19<\/strong><\/a><\/div>\n<\/div>\n\n\n\n<div class=\"wp-block-file\"><a href=\"http:\/\/lavrinhas.sp.gov.br\/site\/wp-content\/uploads\/2020\/08\/DESPESAS-COVID-19-28-JULHO-2020.pdf\">DESPESAS-COVID-19-28-JULHO-2020<\/a><a href=\"http:\/\/lavrinhas.sp.gov.br\/site\/wp-content\/uploads\/2020\/08\/DESPESAS-COVID-19-28-JULHO-2020.pdf\" class=\"wp-block-file__button\" download>Baixar<\/a><\/div>\n\n\n\n<div class=\"wp-block-file\"><a href=\"http:\/\/lavrinhas.sp.gov.br\/site\/wp-content\/uploads\/2020\/07\/DESPESAS-COVID-19-27-JULHO-2020-02-1.pdf\">DESPESAS-COVID-19-27-JULHO-2020-02<\/a><a href=\"http:\/\/lavrinhas.sp.gov.br\/site\/wp-content\/uploads\/2020\/07\/DESPESAS-COVID-19-27-JULHO-2020-02-1.pdf\" class=\"wp-block-file__button\" download>Baixar<\/a><\/div>\n\n\n\n<div class=\"wp-block-file\"><a href=\"http:\/\/lavrinhas.sp.gov.br\/site\/wp-content\/uploads\/2020\/07\/DESPESAS-COVID-19-27-JULHO-2020-01.pdf\">DESPESAS-COVID-19-27-JULHO-2020-01<\/a><a href=\"http:\/\/lavrinhas.sp.gov.br\/site\/wp-content\/uploads\/2020\/07\/DESPESAS-COVID-19-27-JULHO-2020-01.pdf\" class=\"wp-block-file__button\" download>Baixar<\/a><\/div>\n\n\n\n<div class=\"wp-block-file\"><a href=\"http:\/\/lavrinhas.sp.gov.br\/site\/wp-content\/uploads\/2020\/07\/DESPESAS-COVID-19-23-JULHO-2020.pdf\">DESPESAS-COVID-19-23-JULHO-2020<\/a><a href=\"http:\/\/lavrinhas.sp.gov.br\/site\/wp-content\/uploads\/2020\/07\/DESPESAS-COVID-19-23-JULHO-2020.pdf\" class=\"wp-block-file__button\" download>Baixar<\/a><\/div>\n\n\n\n<div class=\"wp-block-file\"><a href=\"http:\/\/lavrinhas.sp.gov.br\/site\/wp-content\/uploads\/2020\/07\/DESPESAS-COVID-19-22-JULHO-2020.pdf\">DESPESAS-COVID-19-22-JULHO-2020<\/a><a href=\"http:\/\/lavrinhas.sp.gov.br\/site\/wp-content\/uploads\/2020\/07\/DESPESAS-COVID-19-22-JULHO-2020.pdf\" class=\"wp-block-file__button\" download>Baixar<\/a><\/div>\n\n\n\n<div class=\"wp-block-file\"><a href=\"http:\/\/lavrinhas.sp.gov.br\/site\/wp-content\/uploads\/2020\/07\/DESPESAS-COVID-19-13-JULHO-2020.pdf\">DESPESAS-COVID-19-13-JULHO-2020<\/a><a href=\"http:\/\/lavrinhas.sp.gov.br\/site\/wp-content\/uploads\/2020\/07\/DESPESAS-COVID-19-13-JULHO-2020.pdf\" class=\"wp-block-file__button\" download>Baixar<\/a><\/div>\n\n\n\n<div class=\"wp-block-file\"><a href=\"http:\/\/lavrinhas.sp.gov.br\/site\/wp-content\/uploads\/2020\/07\/DESPESAS-COVID-19-09-JULHO-2020-02.pdf\">DESPESAS-COVID-19-09-JULHO-2020-02<\/a><a href=\"http:\/\/lavrinhas.sp.gov.br\/site\/wp-content\/uploads\/2020\/07\/DESPESAS-COVID-19-09-JULHO-2020-02.pdf\" class=\"wp-block-file__button\" download>Baixar<\/a><\/div>\n\n\n\n<div class=\"wp-block-file\"><a href=\"http:\/\/lavrinhas.sp.gov.br\/site\/wp-content\/uploads\/2020\/07\/DESPESAS-COVID-19-09-JULHO-2020-01.pdf\">DESPESAS-COVID-19-09-JULHO-2020-01<\/a><a href=\"http:\/\/lavrinhas.sp.gov.br\/site\/wp-content\/uploads\/2020\/07\/DESPESAS-COVID-19-09-JULHO-2020-01.pdf\" class=\"wp-block-file__button\" download>Baixar<\/a><\/div>\n\n\n\n<div class=\"wp-block-file\"><a href=\"http:\/\/lavrinhas.sp.gov.br\/site\/wp-content\/uploads\/2020\/07\/DESPESAS-COVID-19-07-JULHO-2020.pdf\">DESPESAS-COVID-19-07-JULHO-2020<\/a><a href=\"http:\/\/lavrinhas.sp.gov.br\/site\/wp-content\/uploads\/2020\/07\/DESPESAS-COVID-19-07-JULHO-2020.pdf\" class=\"wp-block-file__button\" download>Baixar<\/a><\/div>\n\n\n\n<div class=\"wp-block-file\"><a href=\"http:\/\/lavrinhas.sp.gov.br\/site\/wp-content\/uploads\/2020\/07\/DESPESAS-COVID-19-03-JULHO-2020.pdf\">DESPESAS-COVID-19-03-JULHO-2020<\/a><a href=\"http:\/\/lavrinhas.sp.gov.br\/site\/wp-content\/uploads\/2020\/07\/DESPESAS-COVID-19-03-JULHO-2020.pdf\" class=\"wp-block-file__button\" download>Baixar<\/a><\/div>\n\n\n\n<div class=\"wp-block-file\"><a href=\"http:\/\/lavrinhas.sp.gov.br\/site\/wp-content\/uploads\/2020\/07\/DESPESAS-COVID-19-01-JULHO-2020.pdf\">DESPESAS-COVID-19-01-JULHO-2020<\/a><a href=\"http:\/\/lavrinhas.sp.gov.br\/site\/wp-content\/uploads\/2020\/07\/DESPESAS-COVID-19-01-JULHO-2020.pdf\" class=\"wp-block-file__button\" download>Baixar<\/a><\/div>\n\n\n\n<p>Cada p\u00e1gina representa um m\u00eas, clique nos n\u00fameros abaixo para avan\u00e7ar &gt;&gt;&gt;&gt;<\/p>\n\n\n\n<!--nextpage-->\n\n\n\n<p><strong>AGOSTO<\/strong><br>Pagamento de despesas para enfrentamento da pandemia COVID-19.<\/p>\n\n\n\n<div class=\"wp-block-buttons is-layout-flex wp-block-buttons-is-layout-flex\">\n<div class=\"wp-block-button is-style-outline\"><a class=\"wp-block-button__link has-very-light-gray-color has-vivid-red-background-color has-text-color has-background\" href=\"https:\/\/e-gov.betha.com.br\/transparencia\/01037-043\/con_despesasempenhadascovid.faces?mun=9s1KZg88ugTeSdHvGUT-nAnOp1kB9Aki\" style=\"border-radius:11px\" target=\"_blank\" rel=\"noreferrer noopener\"><strong>DESPESAS COVID-19<\/strong><\/a><\/div>\n\n\n\n<div class=\"wp-block-button is-style-outline\"><a class=\"wp-block-button__link has-very-light-gray-color has-vivid-red-background-color has-text-color has-background\" href=\"https:\/\/e-gov.betha.com.br\/transparencia\/01037-043\/con_receitascovid.faces?mun=9s1KZg88ugTeSdHvGUT-nAnOp1kB9Aki\" style=\"border-radius:11px\" target=\"_blank\" rel=\"noreferrer noopener\"><strong>RECEITAS COVID-19<\/strong><\/a><\/div>\n<\/div>\n\n\n\n<div class=\"wp-block-file\"><a href=\"http:\/\/lavrinhas.sp.gov.br\/site\/wp-content\/uploads\/2020\/08\/DESPESAS-COVID-19-27-AGOSTO-2020.pdf\">DESPESAS-COVID-19-27-AGOSTO-2020<\/a><a href=\"http:\/\/lavrinhas.sp.gov.br\/site\/wp-content\/uploads\/2020\/08\/DESPESAS-COVID-19-27-AGOSTO-2020.pdf\" class=\"wp-block-file__button\" download>Baixar<\/a><\/div>\n\n\n\n<div class=\"wp-block-file\"><a href=\"http:\/\/lavrinhas.sp.gov.br\/site\/wp-content\/uploads\/2020\/08\/DESPESAS-COVID-19-18-AGOSTO-2020.pdf\">DESPESAS-COVID-19-18-AGOSTO-2020<\/a><a href=\"http:\/\/lavrinhas.sp.gov.br\/site\/wp-content\/uploads\/2020\/08\/DESPESAS-COVID-19-18-AGOSTO-2020.pdf\" class=\"wp-block-file__button\" download>Baixar<\/a><\/div>\n\n\n\n<p>Cada p\u00e1gina representa um m\u00eas, clique nos n\u00fameros abaixo para avan\u00e7ar &gt;&gt;&gt;&gt;<\/p>\n\n\n\n<!--nextpage-->\n\n\n\n<p><strong>SETEMBRO<\/strong><br>Pagamento de despesas para enfrentamento da pandemia COVID-19.<\/p>\n\n\n\n<div class=\"wp-block-buttons is-layout-flex wp-block-buttons-is-layout-flex\">\n<div class=\"wp-block-button is-style-outline\"><a class=\"wp-block-button__link has-very-light-gray-color has-vivid-red-background-color has-text-color has-background\" href=\"https:\/\/e-gov.betha.com.br\/transparencia\/01037-043\/con_despesasempenhadascovid.faces?mun=9s1KZg88ugTeSdHvGUT-nAnOp1kB9Aki\" style=\"border-radius:11px\" target=\"_blank\" rel=\"noreferrer noopener\"><strong>DESPESAS COVID-19<\/strong><\/a><\/div>\n\n\n\n<div class=\"wp-block-button is-style-outline\"><a class=\"wp-block-button__link has-very-light-gray-color has-vivid-red-background-color has-text-color has-background\" href=\"https:\/\/e-gov.betha.com.br\/transparencia\/01037-043\/con_receitascovid.faces?mun=9s1KZg88ugTeSdHvGUT-nAnOp1kB9Aki\" style=\"border-radius:11px\" target=\"_blank\" rel=\"noreferrer noopener\"><strong>RECEITAS COVID-19<\/strong><\/a><\/div>\n<\/div>\n\n\n\n<div class=\"wp-block-file\"><a href=\"http:\/\/lavrinhas.sp.gov.br\/site\/wp-content\/uploads\/2020\/09\/DESPESAS-COVID-19-04-SETEMBRO-2020.pdf\">DESPESAS-COVID-19-04-SETEMBRO-2020<\/a><a href=\"http:\/\/lavrinhas.sp.gov.br\/site\/wp-content\/uploads\/2020\/09\/DESPESAS-COVID-19-04-SETEMBRO-2020.pdf\" class=\"wp-block-file__button\" download>Baixar<\/a><\/div>\n\n\n\n<div class=\"wp-block-file\"><a href=\"http:\/\/lavrinhas.sp.gov.br\/site\/wp-content\/uploads\/2020\/09\/DESPESAS-COVID-19-03-SETEMBRO-2020.pdf\">DESPESAS-COVID-19-03-SETEMBRO-2020<\/a><a href=\"http:\/\/lavrinhas.sp.gov.br\/site\/wp-content\/uploads\/2020\/09\/DESPESAS-COVID-19-03-SETEMBRO-2020.pdf\" class=\"wp-block-file__button\" download>Baixar<\/a><\/div>\n\n\n\n<div class=\"wp-block-file\"><a href=\"http:\/\/lavrinhas.sp.gov.br\/site\/wp-content\/uploads\/2020\/09\/DESPESAS-COVID-19-22-SETEMBRO-2020-1.pdf\">DESPESAS-COVID-19-22-SETEMBRO-2020-1<\/a><a href=\"http:\/\/lavrinhas.sp.gov.br\/site\/wp-content\/uploads\/2020\/09\/DESPESAS-COVID-19-22-SETEMBRO-2020-1.pdf\" class=\"wp-block-file__button\" download>Baixar<\/a><\/div>\n\n\n\n<div class=\"wp-block-file\"><a href=\"http:\/\/lavrinhas.sp.gov.br\/site\/wp-content\/uploads\/2020\/09\/DESPESAS-COVID-19-22-SETEMBRO-2020-2.pdf\">DESPESAS-COVID-19-22-SETEMBRO-2020-2<\/a><a href=\"http:\/\/lavrinhas.sp.gov.br\/site\/wp-content\/uploads\/2020\/09\/DESPESAS-COVID-19-22-SETEMBRO-2020-2.pdf\" class=\"wp-block-file__button\" download>Baixar<\/a><\/div>\n\n\n\n<div class=\"wp-block-file\"><a href=\"http:\/\/lavrinhas.sp.gov.br\/site\/wp-content\/uploads\/2020\/09\/DESPESAS-COVID-19-22-SETEMBRO-2020-3.pdf\">DESPESAS-COVID-19-22-SETEMBRO-2020-3<\/a><a href=\"http:\/\/lavrinhas.sp.gov.br\/site\/wp-content\/uploads\/2020\/09\/DESPESAS-COVID-19-22-SETEMBRO-2020-3.pdf\" class=\"wp-block-file__button\" download>Baixar<\/a><\/div>\n\n\n\n<div class=\"wp-block-file\"><a href=\"http:\/\/lavrinhas.sp.gov.br\/site\/wp-content\/uploads\/2020\/09\/DESPESAS-COVID-19-24-SETEMBRO-2020.pdf\">DESPESAS-COVID-19-24-SETEMBRO-2020<\/a><a href=\"http:\/\/lavrinhas.sp.gov.br\/site\/wp-content\/uploads\/2020\/09\/DESPESAS-COVID-19-24-SETEMBRO-2020.pdf\" class=\"wp-block-file__button\" download>Baixar<\/a><\/div>\n\n\n\n<div class=\"wp-block-file\"><a href=\"http:\/\/lavrinhas.sp.gov.br\/site\/wp-content\/uploads\/2020\/09\/DESPESAS-COVID-19-28-SETEMBRO-2020-1.pdf\">DESPESAS-COVID-19-28-SETEMBRO-2020-1<\/a><a href=\"http:\/\/lavrinhas.sp.gov.br\/site\/wp-content\/uploads\/2020\/09\/DESPESAS-COVID-19-28-SETEMBRO-2020-1.pdf\" class=\"wp-block-file__button\" download>Baixar<\/a><\/div>\n\n\n\n<div class=\"wp-block-file\"><a href=\"http:\/\/lavrinhas.sp.gov.br\/site\/wp-content\/uploads\/2020\/09\/DESPESAS-COVID-19-28-SETEMBRO-2020-2.pdf\">DESPESAS-COVID-19-28-SETEMBRO-2020-2<\/a><a href=\"http:\/\/lavrinhas.sp.gov.br\/site\/wp-content\/uploads\/2020\/09\/DESPESAS-COVID-19-28-SETEMBRO-2020-2.pdf\" class=\"wp-block-file__button\" download>Baixar<\/a><\/div>\n\n\n\n<div class=\"wp-block-file\"><a href=\"http:\/\/lavrinhas.sp.gov.br\/site\/wp-content\/uploads\/2020\/09\/DESPESAS-COVID-19-28-SETEMBRO-2020-3.pdf\">DESPESAS-COVID-19-28-SETEMBRO-2020-3<\/a><a href=\"http:\/\/lavrinhas.sp.gov.br\/site\/wp-content\/uploads\/2020\/09\/DESPESAS-COVID-19-28-SETEMBRO-2020-3.pdf\" class=\"wp-block-file__button\" download>Baixar<\/a><\/div>\n\n\n\n<p>Cada p\u00e1gina representa um m\u00eas, clique nos n\u00fameros abaixo para avan\u00e7ar &gt;&gt;&gt;&gt;<\/p>\n\n\n\n<!--nextpage-->\n\n\n\n<p><strong>OUTUBRO<\/strong><br>Pagamento de despesas para enfrentamento da pandemia COVID-19.<\/p>\n\n\n\n<div class=\"wp-block-buttons is-layout-flex wp-block-buttons-is-layout-flex\">\n<div class=\"wp-block-button is-style-outline\"><a class=\"wp-block-button__link has-very-light-gray-color has-vivid-red-background-color has-text-color has-background\" href=\"https:\/\/e-gov.betha.com.br\/transparencia\/01037-043\/con_despesasempenhadascovid.faces?mun=9s1KZg88ugTeSdHvGUT-nAnOp1kB9Aki\" style=\"border-radius:11px\" target=\"_blank\" rel=\"noreferrer noopener\"><strong>DESPESAS COVID-19<\/strong><\/a><\/div>\n\n\n\n<div class=\"wp-block-button is-style-outline\"><a class=\"wp-block-button__link has-very-light-gray-color has-vivid-red-background-color has-text-color has-background\" href=\"https:\/\/e-gov.betha.com.br\/transparencia\/01037-043\/con_receitascovid.faces?mun=9s1KZg88ugTeSdHvGUT-nAnOp1kB9Aki\" style=\"border-radius:11px\" target=\"_blank\" rel=\"noreferrer noopener\"><strong>RECEITAS COVID-19<\/strong><\/a><\/div>\n<\/div>\n\n\n\n<div class=\"wp-block-file\"><a href=\"http:\/\/lavrinhas.sp.gov.br\/site\/wp-content\/uploads\/2020\/10\/DESPESAS-COVID-19-02-OUTUBRO-2020-01.pdf\">DESPESAS-COVID-19-02-OUTUBRO-2020-1<\/a><a href=\"http:\/\/lavrinhas.sp.gov.br\/site\/wp-content\/uploads\/2020\/10\/DESPESAS-COVID-19-02-OUTUBRO-2020-01.pdf\" class=\"wp-block-file__button\" download>Baixar<\/a><\/div>\n\n\n\n<div class=\"wp-block-file\"><a href=\"http:\/\/lavrinhas.sp.gov.br\/site\/wp-content\/uploads\/2020\/10\/DESPESAS-COVID-19-02-OUTUBRO-2020-02.pdf\">DESPESAS-COVID-19-02-OUTUBRO-2020-2<\/a><a href=\"http:\/\/lavrinhas.sp.gov.br\/site\/wp-content\/uploads\/2020\/10\/DESPESAS-COVID-19-02-OUTUBRO-2020-02.pdf\" class=\"wp-block-file__button\" download>Baixar<\/a><\/div>\n\n\n\n<div class=\"wp-block-file\"><a href=\"http:\/\/lavrinhas.sp.gov.br\/site\/wp-content\/uploads\/2020\/10\/DESPESAS-COVID-19-13-OUTUBRO-2020.pdf\">DESPESAS-COVID-19-13-OUTUBRO-2020<\/a><a href=\"http:\/\/lavrinhas.sp.gov.br\/site\/wp-content\/uploads\/2020\/10\/DESPESAS-COVID-19-13-OUTUBRO-2020.pdf\" class=\"wp-block-file__button\" download>Baixar<\/a><\/div>\n\n\n\n<div class=\"wp-block-file\"><a href=\"http:\/\/lavrinhas.sp.gov.br\/site\/wp-content\/uploads\/2020\/10\/DESPESAS-COVID-19-21-OUTUBRO-2020.pdf\">DESPESAS-COVID-19-21-OUTUBRO-2020-1<\/a><a href=\"http:\/\/lavrinhas.sp.gov.br\/site\/wp-content\/uploads\/2020\/10\/DESPESAS-COVID-19-21-OUTUBRO-2020.pdf\" class=\"wp-block-file__button\" download>Baixar<\/a><\/div>\n\n\n\n<div class=\"wp-block-file\"><a href=\"http:\/\/lavrinhas.sp.gov.br\/site\/wp-content\/uploads\/2020\/10\/DESPESAS-COVID-19-21-OUTUBRO-2-2020.pdf\">DESPESAS-COVID-19-21-OUTUBRO-2020-2<\/a><a href=\"http:\/\/lavrinhas.sp.gov.br\/site\/wp-content\/uploads\/2020\/10\/DESPESAS-COVID-19-21-OUTUBRO-2-2020.pdf\" class=\"wp-block-file__button\" download>Baixar<\/a><\/div>\n\n\n\n<p>Cada p\u00e1gina representa um m\u00eas, clique nos n\u00fameros abaixo para avan\u00e7ar &gt;&gt;&gt;&gt;<\/p>\n\n\n\n<!--nextpage-->\n\n\n\n<p><strong>NOVEMBRO<\/strong><br>Pagamento de despesas para enfrentamento da pandemia COVID-19.<\/p>\n\n\n\n<div class=\"wp-block-buttons is-layout-flex wp-block-buttons-is-layout-flex\">\n<div class=\"wp-block-button is-style-outline\"><a class=\"wp-block-button__link has-very-light-gray-color has-vivid-red-background-color has-text-color has-background\" href=\"https:\/\/e-gov.betha.com.br\/transparencia\/01037-043\/con_despesasempenhadascovid.faces?mun=9s1KZg88ugTeSdHvGUT-nAnOp1kB9Aki\" style=\"border-radius:11px\" target=\"_blank\" rel=\"noreferrer noopener\"><strong>DESPESAS COVID-19<\/strong><\/a><\/div>\n\n\n\n<div class=\"wp-block-button is-style-outline\"><a class=\"wp-block-button__link has-very-light-gray-color has-vivid-red-background-color has-text-color has-background\" href=\"https:\/\/e-gov.betha.com.br\/transparencia\/01037-043\/con_receitascovid.faces?mun=9s1KZg88ugTeSdHvGUT-nAnOp1kB9Aki\" style=\"border-radius:11px\" target=\"_blank\" rel=\"noreferrer noopener\"><strong>RECEITAS COVID-19<\/strong><\/a><\/div>\n<\/div>\n\n\n\n<p><strong>EM BREVE<\/strong>.<\/p>\n\n\n\n<p>Cada p\u00e1gina representa um m\u00eas, clique nos n\u00fameros abaixo para avan\u00e7ar &gt;&gt;&gt;&gt;<\/p>\n\n\n\n<!--nextpage-->\n\n\n\n<p><strong>DEZEMBRO<\/strong><br>Pagamento de despesas para enfrentamento da pandemia COVID-19.<\/p>\n\n\n\n<div class=\"wp-block-buttons is-layout-flex wp-block-buttons-is-layout-flex\">\n<div class=\"wp-block-button is-style-outline\"><a class=\"wp-block-button__link has-very-light-gray-color has-vivid-red-background-color has-text-color has-background\" href=\"https:\/\/e-gov.betha.com.br\/transparencia\/01037-043\/con_despesasempenhadascovid.faces?mun=9s1KZg88ugTeSdHvGUT-nAnOp1kB9Aki\" style=\"border-radius:11px\" target=\"_blank\" rel=\"noreferrer noopener\"><strong>DESPESAS COVID-19<\/strong><\/a><\/div>\n\n\n\n<div class=\"wp-block-button is-style-outline\"><a class=\"wp-block-button__link has-very-light-gray-color has-vivid-red-background-color has-text-color has-background\" href=\"https:\/\/e-gov.betha.com.br\/transparencia\/01037-043\/con_receitascovid.faces?mun=9s1KZg88ugTeSdHvGUT-nAnOp1kB9Aki\" style=\"border-radius:11px\" target=\"_blank\" rel=\"noreferrer noopener\"><strong>RECEITAS COVID-19<\/strong><\/a><\/div>\n<\/div>\n\n\n\n<div class=\"wp-block-file\"><a href=\"http:\/\/lavrinhas.sp.gov.br\/site\/wp-content\/uploads\/2020\/12\/DESPESAS-COVID-19-21-DEZEMBRO-2020-1.pdf\">DESPESAS-COVID-19-10-DEZEMBRO-2020-1<\/a><a href=\"http:\/\/lavrinhas.sp.gov.br\/site\/wp-content\/uploads\/2020\/12\/DESPESAS-COVID-19-21-DEZEMBRO-2020-1.pdf\" class=\"wp-block-file__button\" download>Baixar<\/a><\/div>\n\n\n\n<div class=\"wp-block-file\"><a href=\"http:\/\/lavrinhas.sp.gov.br\/site\/wp-content\/uploads\/2020\/12\/DESPESAS-COVID-19-21-DEZEMBRO-2020-2.pdf\">DESPESAS-COVID-19-10-DEZEMBRO-2020-2<\/a><a href=\"http:\/\/lavrinhas.sp.gov.br\/site\/wp-content\/uploads\/2020\/12\/DESPESAS-COVID-19-21-DEZEMBRO-2020-2.pdf\" class=\"wp-block-file__button\" download>Baixar<\/a><\/div>\n\n\n\n<div class=\"wp-block-file\"><a href=\"http:\/\/lavrinhas.sp.gov.br\/site\/wp-content\/uploads\/2020\/12\/DESPESAS-COVID-19-15-DEZEMBRO-2020.pdf\">DESPESAS-COVID-19-15-DEZEMBRO-2020<\/a><a href=\"http:\/\/lavrinhas.sp.gov.br\/site\/wp-content\/uploads\/2020\/12\/DESPESAS-COVID-19-15-DEZEMBRO-2020.pdf\" class=\"wp-block-file__button\" download>Baixar<\/a><\/div>\n\n\n\n<div class=\"wp-block-file\"><a href=\"http:\/\/lavrinhas.sp.gov.br\/site\/wp-content\/uploads\/2020\/12\/DESPESAS-COVID-19-22-DEZEMBRO-2020.pdf\">DESPESAS-COVID-19-22-DEZEMBRO-2020-1<\/a><a href=\"http:\/\/lavrinhas.sp.gov.br\/site\/wp-content\/uploads\/2020\/12\/DESPESAS-COVID-19-22-DEZEMBRO-2020.pdf\" class=\"wp-block-file__button\" download>Baixar<\/a><\/div>\n\n\n\n<div class=\"wp-block-file\"><a href=\"http:\/\/lavrinhas.sp.gov.br\/site\/wp-content\/uploads\/2020\/12\/DESPESAS-COVID-19-22-DEZEMBRO-2020-2.pdf\">DESPESAS-COVID-19-22-DEZEMBRO-2020-2<\/a><a href=\"http:\/\/lavrinhas.sp.gov.br\/site\/wp-content\/uploads\/2020\/12\/DESPESAS-COVID-19-22-DEZEMBRO-2020-2.pdf\" class=\"wp-block-file__button\" download>Baixar<\/a><\/div>\n\n\n\n<div class=\"wp-block-file\"><a href=\"http:\/\/lavrinhas.sp.gov.br\/site\/wp-content\/uploads\/2020\/12\/DESPESAS-COVID-19-30-DEZEMBRO-2020.pdf\">DESPESAS-COVID-19-30-DEZEMBRO-2020<\/a><a href=\"http:\/\/lavrinhas.sp.gov.br\/site\/wp-content\/uploads\/2020\/12\/DESPESAS-COVID-19-30-DEZEMBRO-2020.pdf\" class=\"wp-block-file__button\" download>Baixar<\/a><\/div>\n\n\n\n<p>Cada p\u00e1gina representa um m\u00eas, clique nos n\u00fameros abaixo para avan\u00e7ar >>>><\/p>\n","protected":false},"excerpt":{"rendered":"<p>ABRILPagamento de despesas para enfrentamento da pandemia COVID-19. Cada p\u00e1gina representa um m\u00eas, clique nos n\u00fameros abaixo para avan\u00e7ar &gt;&gt;&gt;&gt;<\/p>\n","protected":false},"author":3,"featured_media":0,"parent":0,"menu_order":0,"comment_status":"closed","ping_status":"closed","template":"","meta":{"spay_email":"","footnotes":"","_links_to":"","_links_to_target":""},"_links":{"self":[{"href":"https:\/\/lavrinhas.sp.gov.br\/site\/index.php\/wp-json\/wp\/v2\/pages\/3868"}],"collection":[{"href":"https:\/\/lavrinhas.sp.gov.br\/site\/index.php\/wp-json\/wp\/v2\/pages"}],"about":[{"href":"https:\/\/lavrinhas.sp.gov.br\/site\/index.php\/wp-json\/wp\/v2\/types\/page"}],"author":[{"embeddable":true,"href":"https:\/\/lavrinhas.sp.gov.br\/site\/index.php\/wp-json\/wp\/v2\/users\/3"}],"replies":[{"embeddable":true,"href":"https:\/\/lavrinhas.sp.gov.br\/site\/index.php\/wp-json\/wp\/v2\/comments?post=3868"}],"version-history":[{"count":54,"href":"https:\/\/lavrinhas.sp.gov.br\/site\/index.php\/wp-json\/wp\/v2\/pages\/3868\/revisions"}],"predecessor-version":[{"id":5185,"href":"https:\/\/lavrinhas.sp.gov.br\/site\/index.php\/wp-json\/wp\/v2\/pages\/3868\/revisions\/5185"}],"wp:attachment":[{"href":"https:\/\/lavrinhas.sp.gov.br\/site\/index.php\/wp-json\/wp\/v2\/media?parent=3868"}],"curies":[{"name":"wp","href":"https:\/\/api.w.org\/{rel}","templated":true}]}}